{"id":197,"date":"2011-02-17T13:24:53","date_gmt":"2011-02-17T12:24:53","guid":{"rendered":"http:\/\/localhost\/pg.wp.magnetiseur\/?page_id=197"},"modified":"2022-01-16T14:06:55","modified_gmt":"2022-01-16T13:06:55","slug":"ce-que-je-soigne","status":"publish","type":"page","link":"https:\/\/www.sylvie-fievet.fr\/?page_id=197","title":{"rendered":"Ce que je soigne"},"content":{"rendered":"<p>Apr\u00e8s 26 ans de pratique, (dont une bonne partie, enti\u00e8rement b\u00e9n\u00e9volement), je constate que j\u2019ai de r\u00e9els r\u00e9sultats en cas de ;<\/p>\n<p>&#8211; St\u00e9rilit\u00e9, infertilit\u00e9, difficult\u00e9s pour avoir un b\u00e9b\u00e9 (preuves \u00e0 l\u2019appui)<br \/>\n&#8211; R\u00e9cup\u00e9ration apr\u00e8s une intervention chirurgicale, cicatrisation difficile, douleur r\u00e9siduelle<br \/>\n&#8211; Nervosit\u00e9, anxi\u00e9t\u00e9, d\u00e9pression, crises d&rsquo;angoisse, insomnies&#8230;<br \/>\n&#8211; Zona, ecz\u00e9ma, herp\u00e8s, verrues<br \/>\n&#8211; Blessures, coups, coupures et plaies, cicatrisation difficile<br \/>\n&#8211; Tous types de br\u00fblures, (soulagement et aide \u00e0 la cicatrisation des tissus)<br \/>\n&#8211; Migraines, maux de t\u00eate, acouph\u00e8nes, vertiges<br \/>\n&#8211; Arthrose, arthrite et polyarthrite, ost\u00e9oporose, spondylarthrite rhumato\u00efde pour les douleurs<br \/>\n&#8211; D\u00e9chirures musculaires, entorses, contractures, courbatures, torticolis, n\u00e9vralgies<br \/>\n&#8211; Entorses, foulures, fractures, tendinites, algodystrophie<br \/>\n&#8211; Fatigue chronique<br \/>\n&#8211; Hernie discale<br \/>\n&#8211; Sciatique, lumbago, rhumatismes<br \/>\n&#8211; Troubles digestifs, constipation, colites, rectocolites sanglantes, diarrh\u00e9es, maladie de Cohn, maux d&rsquo;estomac&#8230;<br \/>\n&#8211; cystites<\/p>\n<div class=\"page-block-title\">Probl\u00e8mes gyn\u00e9cologiques :<\/div>\n<p>&#8211; ovaires, trompe, ut\u00e9rus, troubles menstruels, prostate<\/p>\n<div class=\"page-block-title\">Troubles respiratoires :<\/div>\n<p>&#8211; asthme, bronchite chronique, bronchiolite du nourrisson<\/p>\n<p>Je n\u2019interviens pas dans le sevrage tabagique, sauf pour l\u2019accompagnement.<br \/>\nEt surtout, je n\u2019interviens pas pour :<br \/>\n&#8211; Calculs r\u00e9naux et de la vessie, coliques n\u00e9phr\u00e9tiques. Ayant constat\u00e9 que le d\u00e9placement des calculs pouvait \u00eatre dangereux et obstruer, certains canaux, je d\u00e9conseille donc aux personnes souffrant de ces maladies de me consulter.<\/p>\n<p>Je tiens \u00e0 pr\u00e9ciser que n\u2019\u00e9tant pas m\u00e9decin, je ne fais aucun diagnostic !<\/p>\n<p>Dans la majorit\u00e9 des cas plusieurs s\u00e9ances sont n\u00e9cessaires, en g\u00e9n\u00e9ral 3 \u00e0 noter cependant que plus vite vous consulterez t\u00f4t en d\u00e9but de maladie, plus la gu\u00e9rison sera rapide. .<\/p>\n","protected":false},"excerpt":{"rendered":"<p>Apr\u00e8s 26 ans de pratique, (dont une bonne partie, enti\u00e8rement b\u00e9n\u00e9volement), je constate que j\u2019ai de r\u00e9els r\u00e9sultats en cas de ; &#8211; St\u00e9rilit\u00e9, infertilit\u00e9, difficult\u00e9s pour avoir un b\u00e9b\u00e9 (preuves \u00e0 l\u2019appui) &#8211; R\u00e9cup\u00e9ration apr\u00e8s une intervention chirurgicale, cicatrisation difficile, douleur r\u00e9siduelle &#8211; Nervosit\u00e9, anxi\u00e9t\u00e9, d\u00e9pression, crises d&rsquo;angoisse, insomnies&#8230; &#8211; Zona, ecz\u00e9ma, herp\u00e8s, verrues [&hellip;]<\/p>\n","protected":false},"author":3,"featured_media":0,"parent":0,"menu_order":0,"comment_status":"closed","ping_status":"closed","template":"","meta":[],"aioseo_notices":[],"_links":{"self":[{"href":"https:\/\/www.sylvie-fievet.fr\/index.php?rest_route=\/wp\/v2\/pages\/197"}],"collection":[{"href":"https:\/\/www.sylvie-fievet.fr\/index.php?rest_route=\/wp\/v2\/pages"}],"about":[{"href":"https:\/\/www.sylvie-fievet.fr\/index.php?rest_route=\/wp\/v2\/types\/page"}],"author":[{"embeddable":true,"href":"https:\/\/www.sylvie-fievet.fr\/index.php?rest_route=\/wp\/v2\/users\/3"}],"replies":[{"embeddable":true,"href":"https:\/\/www.sylvie-fievet.fr\/index.php?rest_route=%2Fwp%2Fv2%2Fcomments&post=197"}],"version-history":[{"count":6,"href":"https:\/\/www.sylvie-fievet.fr\/index.php?rest_route=\/wp\/v2\/pages\/197\/revisions"}],"predecessor-version":[{"id":685,"href":"https:\/\/www.sylvie-fievet.fr\/index.php?rest_route=\/wp\/v2\/pages\/197\/revisions\/685"}],"wp:attachment":[{"href":"https:\/\/www.sylvie-fievet.fr\/index.php?rest_route=%2Fwp%2Fv2%2Fmedia&parent=197"}],"curies":[{"name":"wp","href":"https:\/\/api.w.org\/{rel}","templated":true}]}}