{"id":227,"date":"2011-02-18T09:16:45","date_gmt":"2011-02-18T08:16:45","guid":{"rendered":"http:\/\/localhost\/pg.wp.magnetisme\r\n\/?page_id=227"},"modified":"2011-02-18T17:50:13","modified_gmt":"2011-02-18T16:50:13","slug":"la-magnetisme","status":"publish","type":"page","link":"https:\/\/www.sylvie-fievet.fr\/?page_id=227","title":{"rendered":"Le magn\u00e9tisme"},"content":{"rendered":"<div id=\"page-title\">Origine et d\u00e9finition du Magn\u00e9tisme<\/div>\n<div class=\"page-block-title\">Magn\u00e9tisme : Magn\u00e9s, qui est le nom Grec du lieu o\u00f9 fut trouv\u00e9e la pierre d&rsquo;aimant.<\/div>\n<p>Le magn\u00e9tisme est une \u00e9nergie propre \u00e0 certaines personnes, qui leur donne le don de gu\u00e9rir. Cette facult\u00e9, cette \u00e9nergie n&rsquo;appartient pas \u00e0 tous les hommes. Ce qui signifie qu&rsquo;il ne suffit pas d&rsquo;apprendre \u00e0 magn\u00e9tiser pour \u00eatre magn\u00e9tiseur.<\/p>\n<div class=\"page-block-title\">L&rsquo; apposition des mains<\/div>\n<p>Le magn\u00e9tiseur par apposition des mains (mais suivant le besoin, du souffle o\u00f9 \u00e0 distance par la pens\u00e9e, les yeux), transmet son propre influx nerveux \u00e0 une autre personne. Il utilise l&rsquo;\u00e9nergie transmise par son cerveau:<\/p>\n<div class=\"page-block-title\">Le magn\u00e9tisme est un fait naturel.<\/div>\n<p>La dur\u00e9e et le nombre de s\u00e9ances d\u00e9pendent de la r\u00e9ception et de la r\u00e9ceptivit\u00e9 du patient. Quel que soit le nom que l&rsquo;on lui attribue, Gu\u00e9risseur, Magn\u00e9tiseur, celui-ci veut gu\u00e9rir.<\/p>\n<p> Il ne faut en aucun cas avoir foi en cette m\u00e9thode et y croire pour gu\u00e9rir. J\u2019ai re\u00e7u des conjoints \u00ab tra\u00een\u00e9s \u00bb et \u00ab ren\u00e2clant \u00bb lors de leur premier rendez-vous, constater d\u2019eux m\u00eame le ph\u00e9nom\u00e8ne, et surtout les effets, et revenir\u2026SEULS !<\/p>\n","protected":false},"excerpt":{"rendered":"<p>Origine et d\u00e9finition du Magn\u00e9tisme Magn\u00e9tisme : Magn\u00e9s, qui est le nom Grec du lieu o\u00f9 fut trouv\u00e9e la pierre d&rsquo;aimant. Le magn\u00e9tisme est une \u00e9nergie propre \u00e0 certaines personnes, qui leur donne le don de gu\u00e9rir. Cette facult\u00e9, cette \u00e9nergie n&rsquo;appartient pas \u00e0 tous les hommes. Ce qui signifie qu&rsquo;il ne suffit pas d&rsquo;apprendre [&hellip;]<\/p>\n","protected":false},"author":3,"featured_media":0,"parent":0,"menu_order":0,"comment_status":"closed","ping_status":"closed","template":"","meta":[],"aioseo_notices":[],"_links":{"self":[{"href":"https:\/\/www.sylvie-fievet.fr\/index.php?rest_route=\/wp\/v2\/pages\/227"}],"collection":[{"href":"https:\/\/www.sylvie-fievet.fr\/index.php?rest_route=\/wp\/v2\/pages"}],"about":[{"href":"https:\/\/www.sylvie-fievet.fr\/index.php?rest_route=\/wp\/v2\/types\/page"}],"author":[{"embeddable":true,"href":"https:\/\/www.sylvie-fievet.fr\/index.php?rest_route=\/wp\/v2\/users\/3"}],"replies":[{"embeddable":true,"href":"https:\/\/www.sylvie-fievet.fr\/index.php?rest_route=%2Fwp%2Fv2%2Fcomments&post=227"}],"version-history":[{"count":5,"href":"https:\/\/www.sylvie-fievet.fr\/index.php?rest_route=\/wp\/v2\/pages\/227\/revisions"}],"predecessor-version":[{"id":231,"href":"https:\/\/www.sylvie-fievet.fr\/index.php?rest_route=\/wp\/v2\/pages\/227\/revisions\/231"}],"wp:attachment":[{"href":"https:\/\/www.sylvie-fievet.fr\/index.php?rest_route=%2Fwp%2Fv2%2Fmedia&parent=227"}],"curies":[{"name":"wp","href":"https:\/\/api.w.org\/{rel}","templated":true}]}}