{"id":652,"date":"2021-07-15T17:25:58","date_gmt":"2021-07-15T16:25:58","guid":{"rendered":"https:\/\/www.sylvie-fievet.fr\/?page_id=652"},"modified":"2021-07-16T09:09:20","modified_gmt":"2021-07-16T08:09:20","slug":"magnetiseur","status":"publish","type":"page","link":"https:\/\/www.sylvie-fievet.fr\/","title":{"rendered":"Magnetiseur \u00e0 Pleurtuit"},"content":{"rendered":"\n<p>Bonjour,<\/p>\n\n\n\n<p><\/p>\n\n\n\n<p><\/p>\n\n\n\n<h2 class=\"has-text-align-center\">Gu\u00e9risseur ou magn\u00e9tiseur selon l&rsquo;appellation. <\/h2>\n\n\n\n<h4 class=\"has-text-align-center\" id=\"block-6789e1ad-de7d-4ff6-a95b-83fb868095bd\">Gu\u00e9rir par imposition des mains<\/h4>\n\n\n\n<pre class=\"wp-block-preformatted\">j'aide la m\u00e9decine conventionnelle pour soigner et (ou) soulager. Gu\u00e9rir par imposition des mains n\u2019a pas toujours fait partie de ma vie cependant je suis n\u00e9e avec cette capacit\u00e9. C'est de ma grand-m\u00e8re que me vient ce don, je ne l\u2019ai jamais \u00ab appris \u00bb cela vient naturellement, sans r\u00e9flexion. Demande-t-on \u00e0 un musicien, \u00e0 dessinateur, \u00e0 un \u00ab matheux \u00bb d\u2019o\u00f9 lui vient son don. Non ! Il est simple de le constater, il en est de m\u00eame pour le magn\u00e9tisme. Les faits sont l\u00e0, faciles \u00e0 d\u00e9montrer. Cependant plus on pratique et plus le don se d\u00e9veloppe.<\/pre>\n\n\n\n<p>J\u2019ai d\u00e9couvert tardivement mon don, j\u2019ai accompli un autre parcours de vie \u00ab avant \u00bb. J\u2019ai \u00e9t\u00e9 militaire pendant 27 ans, sous-officier de carri\u00e8re, adjudant-chef, pour \u00eatre pr\u00e9cise. Je tiens \u00e0 souligner que le fait d\u2019\u00eatre d\u00e9j\u00e0 retrait\u00e9e me permet d\u2019accomplir \u00ab ma mission \u00bb en \u00e9tant d\u00e9charg\u00e9e de l\u2019obligation de \u00ab faire du chiffre \u00bb. Je prends mon temps, je n\u2019ai aucune contrainte de temps ni d\u2019objectif financier. Je ne fais pas de pub.<\/p>\n\n\n\n<p>Un \u00ab vieux \u00bb magn\u00e9tiseur rencontr\u00e9 lors d\u2019une r\u00e9union d\u2019association m\u2019avait donn\u00e9 comme conseil \u00ab ne cherche pas \u00e0 comprendre, laisse tes mains faire ; si tu ne sais pas, elles, le savent \u00bb. Comme il avait raison.<\/p>\n\n\n\n<p>Je ne suis pas m\u00e9decin, je n\u2019ai donc pas de patients (et je ne fais aucun diagnostic), je n\u2019ai rien \u00e0 vendre, je n\u2019ai donc pas de clients ; par contre, les personnes qui croient suffisamment en mon don pour faire le d\u00e9placement jusqu\u2019\u00e0 mon cabinet, me font confiance, je les nomme donc mes confiants. Au sein de mon cabinet, j\u2019ai la satisfaction de pouvoir les gu\u00e9rir ou les soulager. Souvent je re\u00e7ois des confiants pour qui la m\u00e9decine classique a \u00ab\u00a0\u00e9chou\u00e9\u00a0\u00bb ou pour qui elle ne peut plus rien.<\/p>\n\n\n\n<p>Je regrette souvent de ne faire que du curatif pur et dur. Action \u2013 r\u00e9action (sourires\u2026.) et rarement de l\u2019entretien. Il faut souligner cependant que plus le mal est pris rapidement, plus la gu\u00e9rison sera rapide. Soigner \u00e9galement des animaux<\/p>\n\n\n\n<p>Gu\u00e9rir ou soulager mon prochain est pour moi un v\u00e9ritable sacerdoce que je pratique- et mes confiants le savent bien-, avec Amour, Respect, Bienveillance, Ecoute, Tol\u00e9rance et Honn\u00eatet\u00e9, sans jamais porter de jugement. J\u2019ai \u00e9galement \u00e9t\u00e9 \u00ab amen\u00e9e \u00bb \u00e0 soigner des animaux, chats, chiens et chevaux, les r\u00e9sultats sont spectaculaires. Je regrette de ne poss\u00e9der aucun t\u00e9moignage pour cette cat\u00e9gorie de \u2026. confiants.<\/p>\n\n\n\n<p>J\u2019ai arr\u00eat\u00e9 de vouloir intellectualiser le magn\u00e9tisme, j\u2019ai accept\u00e9 ce don, humblement, aujourd\u2019hui je le mets au service d\u2019autrui, le retour que j\u2019en ai et tellement gratifiant, qu\u2019il me permet d\u2019oublier combien ce don est parfois usant et fatiguant. Le magn\u00e9tiseur donne de lui-m\u00eame, sans compter. Ce que gu\u00e9rit ou soulage le magn\u00e9tisme<\/p>\n\n\n\n<p>Le magn\u00e9tisme gu\u00e9rit ou soulage ecz\u00e9ma, zona, br\u00fblures, rhumatismes, migraines, constipation, arthrose, fibromes, kystes, tendinite, spasmophilie, crises d&rsquo;angoisse, stress, crise d\u2019\u00e9pilepsie&#8230;.<\/p>\n","protected":false},"excerpt":{"rendered":"<p>Bonjour, Gu\u00e9risseur ou magn\u00e9tiseur selon l&rsquo;appellation. Gu\u00e9rir par imposition des mains j&rsquo;aide la m\u00e9decine conventionnelle pour soigner et (ou) soulager. Gu\u00e9rir par imposition des mains n\u2019a pas toujours fait partie de ma vie cependant je suis n\u00e9e avec cette capacit\u00e9. C&rsquo;est de ma grand-m\u00e8re que me vient ce don, je ne l\u2019ai jamais \u00ab appris [&hellip;]<\/p>\n","protected":false},"author":3,"featured_media":0,"parent":0,"menu_order":0,"comment_status":"closed","ping_status":"closed","template":"","meta":[],"aioseo_notices":[],"_links":{"self":[{"href":"https:\/\/www.sylvie-fievet.fr\/index.php?rest_route=\/wp\/v2\/pages\/652"}],"collection":[{"href":"https:\/\/www.sylvie-fievet.fr\/index.php?rest_route=\/wp\/v2\/pages"}],"about":[{"href":"https:\/\/www.sylvie-fievet.fr\/index.php?rest_route=\/wp\/v2\/types\/page"}],"author":[{"embeddable":true,"href":"https:\/\/www.sylvie-fievet.fr\/index.php?rest_route=\/wp\/v2\/users\/3"}],"replies":[{"embeddable":true,"href":"https:\/\/www.sylvie-fievet.fr\/index.php?rest_route=%2Fwp%2Fv2%2Fcomments&post=652"}],"version-history":[{"count":5,"href":"https:\/\/www.sylvie-fievet.fr\/index.php?rest_route=\/wp\/v2\/pages\/652\/revisions"}],"predecessor-version":[{"id":665,"href":"https:\/\/www.sylvie-fievet.fr\/index.php?rest_route=\/wp\/v2\/pages\/652\/revisions\/665"}],"wp:attachment":[{"href":"https:\/\/www.sylvie-fievet.fr\/index.php?rest_route=%2Fwp%2Fv2%2Fmedia&parent=652"}],"curies":[{"name":"wp","href":"https:\/\/api.w.org\/{rel}","templated":true}]}}